{"id":1147,"date":"2022-01-14T16:38:41","date_gmt":"2022-01-14T16:38:41","guid":{"rendered":"https:\/\/simermakina.com\/?post_type=product&#038;p=1147"},"modified":"2022-02-02T11:43:47","modified_gmt":"2022-02-02T11:43:47","slug":"sidel-28-000-sise-saat-2003-model-komple-pet-hatti","status":"publish","type":"product","link":"https:\/\/simermakina.com\/en\/sidel-28-000-sise-saat-2003-model-komple-pet-hatti\/","title":{"rendered":"Complete SIDEL PET Line for still Water - 28.000 bph (2003)"},"content":{"rendered":"<div id=\"postbox-container-1\" class=\"postbox-container\">\n<div id=\"side-sortables\" class=\"meta-box-sortables ui-sortable\">\n<div id=\"da_shortcode_pro\" class=\"postbox\">\n<div class=\"inside\">\n<style>\n\t#hotspot-1311 .hotspots-image-container,\n\t#hotspot-1311 .leaflet-container {\n\t\tbackground: #efefef\t}\n\n\t#hotspot-1311 .hotspots-placeholder,\n\t.featherlight .featherlight-content.lightbox-1311 {\n\t\tbackground: #4a2607;\n\t\tborder: 0 #4a2607 solid;\n\t\tcolor: #f0e6bd;\n\t}\n\n\t#hotspot-1311 .hotspot-title,\n\t#hotspot-1311 .bc-product__title a,\n\t.featherlight .featherlight-content.lightbox-1311 .hotspot-title,\n\t.featherlight .featherlight-content.lightbox-1311 .bc-product__title a {\n\t\tcolor: #9cbd8e;\n\t}\n\n\t\t\t#hotspot-1311 .hotspot-style-1 {\n\t\t\tstroke-width: 3;\n\t\t\tfill: #ffffff;\n\t\t\tfill-opacity: 0;\n\t\t\tstroke: #ffffff;\n\t\t\tstroke-opacity: 0;\n\t\t}\n\t\t#hotspot-1311 .hotspot-style-1:hover,\n\t\t#hotspot-1311 .hotspot-style-1:focus,\n\t\t#hotspot-1311 .hotspot-style-1.hotspot-active {\n\t\t\tfill: #ffffff;\n\t\t\tfill-opacity: 0.81;\n\t\t\toutline: none;\n\t\t\tstroke: #ffffff;\n\t\t\tstroke-opacity: 0.81;\n\t\t}\n\t\t\t#hotspot-1311 .hotspot-default {\n\t\t\tstroke-width: 3;\n\t\t\tfill: #ffffff;\n\t\t\tfill-opacity: 0;\n\t\t\tstroke: #ffffff;\n\t\t\tstroke-opacity: 0;\n\t\t}\n\t\t#hotspot-1311 .hotspot-default:hover,\n\t\t#hotspot-1311 .hotspot-default:focus,\n\t\t#hotspot-1311 .hotspot-default.hotspot-active {\n\t\t\tfill: #9cbd8e;\n\t\t\tfill-opacity: 0.81;\n\t\t\toutline: none;\n\t\t\tstroke: #3b240c;\n\t\t\tstroke-opacity: 0.81;\n\t\t}\n\t\t#hotspot-1311 .leaflet-tooltip,\n\t#hotspot-1311 .leaflet-rrose-content-wrapper {\n\t\tbackground: #4a2607;\n\t\tborder-color: #4a2607;\n\t\tcolor: #f0e6bd;\n\t}\n\n\t#hotspot-1311 a.leaflet-rrose-close-button {\n\t\tcolor: #9cbd8e;\n\t}\n\n\t#hotspot-1311 .leaflet-rrose-tip {\n\t\tbackground: #4a2607;\n\t}\n\n\t#hotspot-1311 .leaflet-popup-scrolled {\n\t\tborder-bottom-color: #f0e6bd;\n\t\tborder-top-color: #f0e6bd;\n\t}\n\n\t#hotspot-1311 .leaflet-tooltip-top:before {\n\t\tborder-top-color: #4a2607;\n\t}\n\n\t#hotspot-1311 .leaflet-tooltip-bottom:before {\n\t\tborder-bottom-color: #4a2607;\n\t}\n\t#hotspot-1311 .leaflet-tooltip-left:before {\n\t\tborder-left-color: #4a2607;\n\t}\n\t#hotspot-1311 .leaflet-tooltip-right:before {\n\t\tborder-right-color: #4a2607;\n\t}\n<\/style>\n\n\n\t<div class=\"hotspots-container  layout-left event-click\" id=\"hotspot-1311\" data-layout=\"left\" data-trigger=\"click\">\n\t\t<div class=\"hotspots-interaction\">\n\t\t\t\t<div class=\"hotspots-placeholder\" id=\"content-hotspot-1311\">\n\t\t<div class=\"hotspot-initial\">\n\t\t\t\t\t\t\t\t\t<h2 class=\"hotspot-title\">\n\t\t\t\tComplete SIDEL PET Line for still Water - 28.000 bph (2003)\t\t\t<\/h2>\n\t\t\t\t\t\t<div class=\"hotspot-content\">\n\t\t\t\t\t\t\t<\/div>\n\t\t<\/div>\n\t<\/div>\n<div class=\"hotspots-image-container\">\n\t<img\n\t\twidth=\"2560\"\n\t\theight=\"1411\"\n\t\tsrc=\"https:\/\/simermakina.com\/wp-content\/uploads\/2022\/02\/combi-with-dryer-scaled.jpg\"\n\t\talt=\"SIDEL 28.000 Sise\/Saat 2003 Model, Komple PET Hatti\"\n\t\tclass=\"hotspots-image skip-lazy\"\n\t\tusemap=\"#hotspots-image-1311\"\n\t\tdata-image-title=\"SIDEL 28.000 Sise\/Saat 2003 Model, Komple PET Hatti\"\n\t\tdata-image-description=\"\"\n\t\tdata-event-trigger=\"click\"\n\t\tdata-always-visible=\"false\"\n\t\tdata-id=\"1311\"\n\t\tdata-no-lazy=\"1\"\n\t\tdata-lazy-src=\"\"\n\t\tdata-lazy=\"false\"\n\t\tloading=\"eager\"\n\t\tdata-skip-lazy=\"1\"\n\t\t>\n<\/div>\t\t<\/div>\n\t\t<map name=\"hotspots-image-1311\" class=\"hotspots-map\">\n\t\t\t\t\t\t\t\t\t\t\t<area\n\t\t\t\t\tshape=\"poly\"\n\t\t\t\t\tcoords=\"717,75,883,4,1154,129,1213,110,1418,233,1418,143,1513,100,1617,153,1618,320,1535,351,1526,359,1518,356,1516,521,1124,683,839,553,841,317,722,260\"\n\t\t\t\t\thref=\"#hotspot-hotspot-1311-0\"\n\t\t\t\t\trel=\"\"\n\t\t\t\t\ttitle=\"Kombi PET Sisirme-Doldurma-Kapatma Sidel SBO20 Serie 2\"\n\t\t\t\t\talt=\"Kombi PET Sisirme-Doldurma-Kapatma Sidel SBO20 Serie 2\"\n\t\t\t\t\tdata-action=\"\"\n\t\t\t\t\tdata-color-scheme=\"\"\n\t\t\t\t\tdata-id=\"area-hotspot-1311-0\"\n\t\t\t\t\ttarget=\"\"\n\t\t\t\t\tclass=\"more-info-area\"\n\t\t\t\t\t>\n\t\t\t\t\t\t\t\t\t\t\t<area\n\t\t\t\t\tshape=\"poly\"\n\t\t\t\t\tcoords=\"1377,719,1374,671,1385,652,1407,645,1665,768,1673,786,1673,834,1639,849\"\n\t\t\t\t\thref=\"#hotspot-hotspot-1311-1\"\n\t\t\t\t\trel=\"\"\n\t\t\t\t\ttitle=\"SACMI Opera marka, lineer \u00e7al\u0131\u015fan \u015fi\u015fe kurutucu\"\n\t\t\t\t\talt=\"SACMI Opera marka, lineer \u00e7al\u0131\u015fan \u015fi\u015fe kurutucu\"\n\t\t\t\t\tdata-action=\"\"\n\t\t\t\t\tdata-color-scheme=\"\"\n\t\t\t\t\tdata-id=\"area-hotspot-1311-1\"\n\t\t\t\t\ttarget=\"\"\n\t\t\t\t\tclass=\"more-info-area\"\n\t\t\t\t\t>\n\t\t\t\t\t\t\t\t\t\t\t<area\n\t\t\t\t\tshape=\"poly\"\n\t\t\t\t\tcoords=\"1717,934,1916,849,2061,918,2061,1035,1843,1130,1803,1108,1808,1096,1717,1056\"\n\t\t\t\t\thref=\"#hotspot-hotspot-1311-2\"\n\t\t\t\t\trel=\"\"\n\t\t\t\t\ttitle=\"KRONES Contiroll OPP (2006)\"\n\t\t\t\t\talt=\"KRONES Contiroll OPP (2006)\"\n\t\t\t\t\tdata-action=\"\"\n\t\t\t\t\tdata-color-scheme=\"\"\n\t\t\t\t\tdata-id=\"area-hotspot-1311-2\"\n\t\t\t\t\ttarget=\"\"\n\t\t\t\t\tclass=\"more-info-area\"\n\t\t\t\t\t>\n\t\t\t\t\t\t\t\t\t\t\t<area\n\t\t\t\t\tshape=\"poly\"\n\t\t\t\t\tcoords=\"1515,886,1532,876,1558,863,1601,883,1597,904,1617,911,1618,936,1600,947,1599,977,1577,990,1536,971,1533,962,1536,926,1512,912\"\n\t\t\t\t\thref=\"#hotspot-hotspot-1311-3\"\n\t\t\t\t\trel=\"\"\n\t\t\t\t\ttitle=\"Heuft 2003 Model Seviye Kontrol Makinasi\"\n\t\t\t\t\talt=\"Heuft 2003 Model Seviye Kontrol Makinasi\"\n\t\t\t\t\tdata-action=\"\"\n\t\t\t\t\tdata-color-scheme=\"\"\n\t\t\t\t\tdata-id=\"area-hotspot-1311-3\"\n\t\t\t\t\ttarget=\"\"\n\t\t\t\t\tclass=\"more-info-area\"\n\t\t\t\t\t>\n\t\t\t\t\t\t\t\t\t\t\t<area\n\t\t\t\t\tshape=\"poly\"\n\t\t\t\t\tcoords=\"1203,787,1239,770,781,547,719,526,675,525,595,543,559,564,552,591,568,618,666,666,747,708,829,742,836,736,841,715,847,708,635,611,604,588,614,568,654,558,698,555,738,566\"\n\t\t\t\t\thref=\"#hotspot-hotspot-1311-4\"\n\t\t\t\t\trel=\"\"\n\t\t\t\t\ttitle=\"Dolumdan cikan Konveyor\"\n\t\t\t\t\talt=\"Dolumdan cikan Konveyor\"\n\t\t\t\t\tdata-action=\"\"\n\t\t\t\t\tdata-color-scheme=\"\"\n\t\t\t\t\tdata-id=\"area-hotspot-1311-4\"\n\t\t\t\t\ttarget=\"\"\n\t\t\t\t\tclass=\"more-info-area\"\n\t\t\t\t\t>\n\t\t\t\t\t\t\t\t\t\t\t<area\n\t\t\t\t\tshape=\"poly\"\n\t\t\t\t\tcoords=\"1664,802,1826,883,1815,893,1648,810\"\n\t\t\t\t\thref=\"#hotspot-hotspot-1311-5\"\n\t\t\t\t\trel=\"\"\n\t\t\t\t\ttitle=\"Dolumdan cikan Konveyor\"\n\t\t\t\t\talt=\"Dolumdan cikan Konveyor\"\n\t\t\t\t\tdata-action=\"\"\n\t\t\t\t\tdata-color-scheme=\"\"\n\t\t\t\t\tdata-id=\"area-hotspot-1311-5\"\n\t\t\t\t\ttarget=\"\"\n\t\t\t\t\tclass=\"more-info-area\"\n\t\t\t\t\t>\n\t\t\t\t\t\t\t\t\t\t\t<area\n\t\t\t\t\tshape=\"poly\"\n\t\t\t\t\tcoords=\"838,714,883,696,992,750,995,785,983,812,942,824,842,772,837,773\"\n\t\t\t\t\thref=\"#hotspot-hotspot-1311-6\"\n\t\t\t\t\trel=\"\"\n\t\t\t\t\ttitle=\"OCME Vega Shrink\"\n\t\t\t\t\talt=\"OCME Vega Shrink\"\n\t\t\t\t\tdata-action=\"\"\n\t\t\t\t\tdata-color-scheme=\"\"\n\t\t\t\t\tdata-id=\"area-hotspot-1311-6\"\n\t\t\t\t\ttarget=\"\"\n\t\t\t\t\tclass=\"more-info-area\"\n\t\t\t\t\t>\n\t\t\t\t\t\t\t\t\t\t\t<area\n\t\t\t\t\tshape=\"poly\"\n\t\t\t\t\tcoords=\"1001,849,999,795,1047,776,1155,832,1155,883,1111,907\"\n\t\t\t\t\thref=\"#hotspot-hotspot-1311-7\"\n\t\t\t\t\trel=\"\"\n\t\t\t\t\ttitle=\"\u00c7ift giri\u015f hatt\u0131na uygun, 2004 model, TWINPACK marka \u00e7oklu ta\u015f\u0131ma band\u0131 makinas\u0131\"\n\t\t\t\t\talt=\"\u00c7ift giri\u015f hatt\u0131na uygun, 2004 model, TWINPACK marka \u00e7oklu ta\u015f\u0131ma band\u0131 makinas\u0131\"\n\t\t\t\t\tdata-action=\"\"\n\t\t\t\t\tdata-color-scheme=\"\"\n\t\t\t\t\tdata-id=\"area-hotspot-1311-7\"\n\t\t\t\t\ttarget=\"\"\n\t\t\t\t\tclass=\"more-info-area\"\n\t\t\t\t\t>\n\t\t\t\t\t\t\t\t\t\t\t<area\n\t\t\t\t\tshape=\"poly\"\n\t\t\t\t\tcoords=\"794,1092,865,1069,864,960,548,768,480,796,474,844,431,861,418,858,316,896,426,1078,516,1048,622,1099\"\n\t\t\t\t\thref=\"#hotspot-hotspot-1311-8\"\n\t\t\t\t\trel=\"\"\n\t\t\t\t\ttitle=\"Palletizer\"\n\t\t\t\t\talt=\"Palletizer\"\n\t\t\t\t\tdata-action=\"\"\n\t\t\t\t\tdata-color-scheme=\"\"\n\t\t\t\t\tdata-id=\"area-hotspot-1311-8\"\n\t\t\t\t\ttarget=\"\"\n\t\t\t\t\tclass=\"more-info-area\"\n\t\t\t\t\t>\n\t\t\t\t\t\t\t\t\t\t\t<area\n\t\t\t\t\tshape=\"poly\"\n\t\t\t\t\tcoords=\"659,1235,815,1324,859,1300,914,1332,965,1305,943,1287,942,1244,913,1222,886,1217,884,1193,872,1107,855,1086,848,1102,819,1093,768,1108,770,1168,762,1164,755,1167,759,1178,725,1195,701,1133,655,1149\"\n\t\t\t\t\thref=\"#hotspot-hotspot-1311-9\"\n\t\t\t\t\trel=\"\"\n\t\t\t\t\ttitle=\"Otomatik Palet Sarma \u00dcnitesi, TOSA marka, 2003 y\u0131l\u0131 yap\u0131m\u0131, \u00e7\u0131k\u0131\u015fta biriktirme masas\u0131.\"\n\t\t\t\t\talt=\"Otomatik Palet Sarma \u00dcnitesi, TOSA marka, 2003 y\u0131l\u0131 yap\u0131m\u0131, \u00e7\u0131k\u0131\u015fta biriktirme masas\u0131.\"\n\t\t\t\t\tdata-action=\"\"\n\t\t\t\t\tdata-color-scheme=\"\"\n\t\t\t\t\tdata-id=\"area-hotspot-1311-9\"\n\t\t\t\t\ttarget=\"\"\n\t\t\t\t\tclass=\"more-info-area\"\n\t\t\t\t\t>\n\t\t\t\t\t<\/map>\n\n\t\t\n\t\t\t\t\t\n\t\t\t\t\t\t<div class=\"hotspot-info\" id=\"hotspot-hotspot-1311-0\">\n\t\t\t\t\n\t\t\t\t<h2 class=\"hotspot-title\">Kombi PET Sisirme-Doldurma-Kapatma Sidel SBO20 Serie 2<\/h2>\t\t\t\t\t\t\t\t\t<div class=\"hotspot-thumb\">\n\t\t\t\t\t\t<img width=\"200\" height=\"300\" src=\"https:\/\/simermakina.com\/wp-content\/uploads\/2022\/01\/SIDEL-Combi-PET-Sise-Sisirme-3-200x300.jpg\" class=\"attachment-medium size-medium\" alt=\"\" loading=\"lazy\" srcset=\"https:\/\/simermakina.com\/wp-content\/uploads\/2022\/01\/SIDEL-Combi-PET-Sise-Sisirme-3-200x300.jpg 200w, https:\/\/simermakina.com\/wp-content\/uploads\/2022\/01\/SIDEL-Combi-PET-Sise-Sisirme-3-8x12.jpg 8w, https:\/\/simermakina.com\/wp-content\/uploads\/2022\/01\/SIDEL-Combi-PET-Sise-Sisirme-3-600x899.jpg 600w, https:\/\/simermakina.com\/wp-content\/uploads\/2022\/01\/SIDEL-Combi-PET-Sise-Sisirme-3.jpg 635w\" sizes=\"(max-width: 200px) 100vw, 200px\" title=\"\">\t\t\t\t\t<\/div>\n\t\t\t\t\t\t\t\t<div class=\"hotspot-content\">\n\t\t\t\t\t<p>(2003 Model) 1.5L\u2019de \u200b\u200b28.000 sise\/saat kapasite:<\/p>\n<p><span style=\"color: #000000;font-family: Raleway, sans-serif;font-size: 16px;font-style: normal;font-weight: 400;background-color: #f0f0f0\">\u2013 20 h\u0131zl\u0131 de\u011fi\u015fim kal\u0131b\u0131na sahip sisirme<\/span><br style=\"color: #000000;font-family: Raleway, sans-serif;background-color: #f0f0f0\" \/><span style=\"color: #000000;font-family: Raleway, sans-serif;font-size: 16px;font-style: normal;font-weight: 400;background-color: #f0f0f0\">\u2013 90 Kafali Doldurma Makinasi\u00a0 Sidel, saat y\u00f6n\u00fcn\u00fcn tersine<\/span><br style=\"color: #000000;font-family: Raleway, sans-serif;background-color: #f0f0f0\" \/><span style=\"color: #000000;font-family: Raleway, sans-serif;font-size: 16px;font-style: normal;font-weight: 400;background-color: #f0f0f0\">\u2013 Corvaglia kapaklar\u0131 i\u00e7in Arol kapatma<\/span><\/p>\n\t\t\t\t<\/div>\n\t\t\t<\/div>\n\t\t\t\t\t\n\t\t\t\t\t\t<div class=\"hotspot-info\" id=\"hotspot-hotspot-1311-1\">\n\t\t\t\t\n\t\t\t\t<h2 class=\"hotspot-title\">SACMI Opera marka, lineer \u00e7al\u0131\u015fan \u015fi\u015fe kurutucu<\/h2>\t\t\t\t\t\t\t\t\t<div class=\"hotspot-thumb\">\n\t\t\t\t\t\t<img width=\"300\" height=\"201\" src=\"https:\/\/simermakina.com\/wp-content\/uploads\/2022\/01\/SACMI-Kurutucu-300x201.jpg\" class=\"attachment-medium size-medium\" alt=\"\" loading=\"lazy\" srcset=\"https:\/\/simermakina.com\/wp-content\/uploads\/2022\/01\/SACMI-Kurutucu-300x201.jpg 300w, https:\/\/simermakina.com\/wp-content\/uploads\/2022\/01\/SACMI-Kurutucu-18x12.jpg 18w, https:\/\/simermakina.com\/wp-content\/uploads\/2022\/01\/SACMI-Kurutucu-600x401.jpg 600w, https:\/\/simermakina.com\/wp-content\/uploads\/2022\/01\/SACMI-Kurutucu.jpg 709w\" sizes=\"(max-width: 300px) 100vw, 300px\" title=\"\">\t\t\t\t\t<\/div>\n\t\t\t\t\t\t\t\t<div class=\"hotspot-content\">\n\t\t\t\t\t<p>Ve Si\u015fe giri\u015findeki kurutucu b\u00f6lgesinde konvey\u00f6r ay\u0131r\u0131c\u0131 ve mekanik konvey\u00f6r \u00e7\u0131k\u0131\u015f\u0131nda Gebo marka , 2006 model biriktirme tablas\u0131<\/p>\n\t\t\t\t<\/div>\n\t\t\t<\/div>\n\t\t\t\t\t\n\t\t\t\t\t\t<div class=\"hotspot-info\" id=\"hotspot-hotspot-1311-2\">\n\t\t\t\t\n\t\t\t\t<h2 class=\"hotspot-title\">KRONES Contiroll OPP (2006)<\/h2>\t\t\t\t\t\t\t\t\t<div class=\"hotspot-thumb\">\n\t\t\t\t\t\t<img width=\"300\" height=\"201\" src=\"https:\/\/simermakina.com\/wp-content\/uploads\/2022\/01\/Etiketleme-Makinasi-300x201.jpg\" class=\"attachment-medium size-medium\" alt=\"\" loading=\"lazy\" srcset=\"https:\/\/simermakina.com\/wp-content\/uploads\/2022\/01\/Etiketleme-Makinasi-300x201.jpg 300w, https:\/\/simermakina.com\/wp-content\/uploads\/2022\/01\/Etiketleme-Makinasi-18x12.jpg 18w, https:\/\/simermakina.com\/wp-content\/uploads\/2022\/01\/Etiketleme-Makinasi-600x401.jpg 600w, https:\/\/simermakina.com\/wp-content\/uploads\/2022\/01\/Etiketleme-Makinasi.jpg 709w\" sizes=\"(max-width: 300px) 100vw, 300px\" title=\"\">\t\t\t\t\t<\/div>\n\t\t\t\t\t\t\t\t<div class=\"hotspot-content\">\n\t\t\t\t\t<p><span style=\"color: #000000;font-family: Raleway, sans-serif\">Polipropilen etiket i\u00e7in etiketleme makinesi KRONES Contiroll OPP (2006)<\/span><\/p>\n\t\t\t\t<\/div>\n\t\t\t<\/div>\n\t\t\t\t\t\n\t\t\t\t\t\t<div class=\"hotspot-info\" id=\"hotspot-hotspot-1311-3\">\n\t\t\t\t\n\t\t\t\t<h2 class=\"hotspot-title\">Heuft 2003 Model Seviye Kontrol Makinasi<\/h2>\t\t\t\t\t\t\t\t<div class=\"hotspot-content\">\n\t\t\t\t\t\t\t\t\t<\/div>\n\t\t\t<\/div>\n\t\t\t\t\t\n\t\t\t\t\t\t<div class=\"hotspot-info\" id=\"hotspot-hotspot-1311-4\">\n\t\t\t\t\n\t\t\t\t<h2 class=\"hotspot-title\">Dolumdan cikan Konveyor<\/h2>\t\t\t\t\t\t\t\t\t<div class=\"hotspot-thumb\">\n\t\t\t\t\t\t<img width=\"225\" height=\"300\" src=\"https:\/\/simermakina.com\/wp-content\/uploads\/2022\/01\/Conveyor-225x300.jpg\" class=\"attachment-medium size-medium\" alt=\"\" loading=\"lazy\" srcset=\"https:\/\/simermakina.com\/wp-content\/uploads\/2022\/01\/Conveyor-225x300.jpg 225w, https:\/\/simermakina.com\/wp-content\/uploads\/2022\/01\/Conveyor-9x12.jpg 9w, https:\/\/simermakina.com\/wp-content\/uploads\/2022\/01\/Conveyor-600x799.jpg 600w, https:\/\/simermakina.com\/wp-content\/uploads\/2022\/01\/Conveyor.jpg 713w\" sizes=\"(max-width: 225px) 100vw, 225px\" title=\"\">\t\t\t\t\t<\/div>\n\t\t\t\t\t\t\t\t<div class=\"hotspot-content\">\n\t\t\t\t\t\t\t\t\t<\/div>\n\t\t\t<\/div>\n\t\t\t\t\t\n\t\t\t\t\t\t<div class=\"hotspot-info\" id=\"hotspot-hotspot-1311-5\">\n\t\t\t\t\n\t\t\t\t<h2 class=\"hotspot-title\">Dolumdan cikan Konveyor<\/h2>\t\t\t\t\t\t\t\t\t<div class=\"hotspot-thumb\">\n\t\t\t\t\t\t<img width=\"300\" height=\"201\" src=\"https:\/\/simermakina.com\/wp-content\/uploads\/2022\/01\/Conveyor-Dolumdan-cikan-300x201.jpg\" class=\"attachment-medium size-medium\" alt=\"\" loading=\"lazy\" srcset=\"https:\/\/simermakina.com\/wp-content\/uploads\/2022\/01\/Conveyor-Dolumdan-cikan-300x201.jpg 300w, https:\/\/simermakina.com\/wp-content\/uploads\/2022\/01\/Conveyor-Dolumdan-cikan-18x12.jpg 18w, https:\/\/simermakina.com\/wp-content\/uploads\/2022\/01\/Conveyor-Dolumdan-cikan-600x401.jpg 600w, https:\/\/simermakina.com\/wp-content\/uploads\/2022\/01\/Conveyor-Dolumdan-cikan.jpg 709w\" sizes=\"(max-width: 300px) 100vw, 300px\" title=\"\">\t\t\t\t\t<\/div>\n\t\t\t\t\t\t\t\t<div class=\"hotspot-content\">\n\t\t\t\t\t\t\t\t\t<\/div>\n\t\t\t<\/div>\n\t\t\t\t\t\n\t\t\t\t\t\t<div class=\"hotspot-info\" id=\"hotspot-hotspot-1311-6\">\n\t\t\t\t\n\t\t\t\t<h2 class=\"hotspot-title\">OCME Vega Shrink<\/h2>\t\t\t\t\t\t\t\t\t<div class=\"hotspot-thumb\">\n\t\t\t\t\t\t<img width=\"300\" height=\"201\" src=\"https:\/\/simermakina.com\/wp-content\/uploads\/2022\/01\/Shrinkleme-makinasi-300x201.jpg\" class=\"attachment-medium size-medium\" alt=\"\" loading=\"lazy\" srcset=\"https:\/\/simermakina.com\/wp-content\/uploads\/2022\/01\/Shrinkleme-makinasi-300x201.jpg 300w, https:\/\/simermakina.com\/wp-content\/uploads\/2022\/01\/Shrinkleme-makinasi-18x12.jpg 18w, https:\/\/simermakina.com\/wp-content\/uploads\/2022\/01\/Shrinkleme-makinasi-600x401.jpg 600w, https:\/\/simermakina.com\/wp-content\/uploads\/2022\/01\/Shrinkleme-makinasi.jpg 709w\" sizes=\"(max-width: 300px) 100vw, 300px\" title=\"\">\t\t\t\t\t<\/div>\n\t\t\t\t\t\t\t\t<div class=\"hotspot-content\">\n\t\t\t\t\t<p><span style=\"color: #000000;font-family: Raleway, sans-serif\">OCME Vega N70\/2 1\/163\/03 marka Shrink Paketleme \u00fcnitesi, \u00e7ift hatl\u0131, Imal y\u0131l\u0131: 2003 f 3 x 2 \u015fi\u015fe\/paket dizilimi, bask\u0131l\u0131 ve bask\u0131s\u0131z folyo \u00e7al\u0131\u015fabilir.<\/span><\/p>\n\t\t\t\t<\/div>\n\t\t\t<\/div>\n\t\t\t\t\t\n\t\t\t\t\t\t<div class=\"hotspot-info\" id=\"hotspot-hotspot-1311-7\">\n\t\t\t\t\n\t\t\t\t<h2 class=\"hotspot-title\">\u00c7ift giri\u015f hatt\u0131na uygun, 2004 model, TWINPACK marka \u00e7oklu ta\u015f\u0131ma band\u0131 makinas\u0131<\/h2>\t\t\t\t\t\t\t\t\t<div class=\"hotspot-thumb\">\n\t\t\t\t\t\t<img width=\"200\" height=\"300\" src=\"https:\/\/simermakina.com\/wp-content\/uploads\/2022\/01\/Handle-Applicator-200x300.jpg\" class=\"attachment-medium size-medium\" alt=\"\" loading=\"lazy\" srcset=\"https:\/\/simermakina.com\/wp-content\/uploads\/2022\/01\/Handle-Applicator-200x300.jpg 200w, https:\/\/simermakina.com\/wp-content\/uploads\/2022\/01\/Handle-Applicator-8x12.jpg 8w, https:\/\/simermakina.com\/wp-content\/uploads\/2022\/01\/Handle-Applicator-600x899.jpg 600w, https:\/\/simermakina.com\/wp-content\/uploads\/2022\/01\/Handle-Applicator.jpg 635w\" sizes=\"(max-width: 200px) 100vw, 200px\" title=\"\">\t\t\t\t\t<\/div>\n\t\t\t\t\t\t\t\t<div class=\"hotspot-content\">\n\t\t\t\t\t\t\t\t\t<\/div>\n\t\t\t<\/div>\n\t\t\t\t\t\n\t\t\t\t\t\t<div class=\"hotspot-info\" id=\"hotspot-hotspot-1311-8\">\n\t\t\t\t\n\t\t\t\t<h2 class=\"hotspot-title\">Palletizer<\/h2>\t\t\t\t\t\t\t\t\t<div class=\"hotspot-thumb\">\n\t\t\t\t\t\t<img width=\"300\" height=\"201\" src=\"https:\/\/simermakina.com\/wp-content\/uploads\/2022\/01\/Picture21-300x201.jpg\" class=\"attachment-medium size-medium\" alt=\"\" loading=\"lazy\" srcset=\"https:\/\/simermakina.com\/wp-content\/uploads\/2022\/01\/Picture21-300x201.jpg 300w, https:\/\/simermakina.com\/wp-content\/uploads\/2022\/01\/Picture21-18x12.jpg 18w, https:\/\/simermakina.com\/wp-content\/uploads\/2022\/01\/Picture21-600x401.jpg 600w, https:\/\/simermakina.com\/wp-content\/uploads\/2022\/01\/Picture21.jpg 709w\" sizes=\"(max-width: 300px) 100vw, 300px\" title=\"\">\t\t\t\t\t<\/div>\n\t\t\t\t\t\t\t\t<div class=\"hotspot-content\">\n\t\t\t\t\t<p><span style=\"color: #000000;font-family: Raleway, sans-serif\">ACMI marka Paletleme \u00fcnitesi, 2003 model, tutucu bantl\u0131 paketlerin paletlenmesi<\/span><\/p>\n\t\t\t\t<\/div>\n\t\t\t<\/div>\n\t\t\t\t\t\n\t\t\t\t\t\t<div class=\"hotspot-info\" id=\"hotspot-hotspot-1311-9\">\n\t\t\t\t\n\t\t\t\t<h2 class=\"hotspot-title\">Otomatik Palet Sarma \u00dcnitesi, TOSA marka, 2003 y\u0131l\u0131 yap\u0131m\u0131, \u00e7\u0131k\u0131\u015fta biriktirme masas\u0131.<\/h2>\t\t\t\t\t\t\t\t\t<div class=\"hotspot-thumb\">\n\t\t\t\t\t\t<img width=\"201\" height=\"300\" src=\"https:\/\/simermakina.com\/wp-content\/uploads\/2022\/01\/Palet-strecleme-201x300.jpg\" class=\"attachment-medium size-medium\" alt=\"\" loading=\"lazy\" srcset=\"https:\/\/simermakina.com\/wp-content\/uploads\/2022\/01\/Palet-strecleme-201x300.jpg 201w, https:\/\/simermakina.com\/wp-content\/uploads\/2022\/01\/Palet-strecleme-8x12.jpg 8w, https:\/\/simermakina.com\/wp-content\/uploads\/2022\/01\/Palet-strecleme-600x897.jpg 600w, https:\/\/simermakina.com\/wp-content\/uploads\/2022\/01\/Palet-strecleme.jpg 636w\" sizes=\"(max-width: 201px) 100vw, 201px\" title=\"\">\t\t\t\t\t<\/div>\n\t\t\t\t\t\t\t\t<div class=\"hotspot-content\">\n\t\t\t\t\t\t\t\t\t<\/div>\n\t\t\t<\/div>\n\t\t\t<\/div>\n\n<\/div>\n<\/div>\n<\/div>\n<\/div>\n<div id=\"postbox-container-2\" class=\"postbox-container\">\n<div id=\"normal-sortables\" class=\"meta-box-sortables ui-sortable\">\n<div id=\"rank_math_metabox\" class=\"postbox closed cmb2-postbox\">\n<div class=\"postbox-header\">\n<div class=\"handle-actions hide-if-no-js\"><\/div>\n<\/div>\n<\/div>\n<\/div>\n<\/div>","protected":false},"excerpt":{"rendered":"<p><strong>COMPLETE PET BOTTLING LINE<\/strong><\/p>\n<p class=\" translation-block\">1. Combi PET Blower Filler Capper Sidel SBO20 serie 2 year 2003     capacity 28.000 bph at 1.5L with : <br>\n\t - blower with 20 quick change molds<br>  \n  - gravity filler Sidel with 90 valves, pitch <br>113, anticlockwise  \n  - capper Arol with for Corvaglia caps <br>\n 2. Automatic caps alimentation <br>\n 3. Level and caps inspecting Heuft year 2003<br>  \n \n4. Outfeed mechanical conveyors with accumulation table Gebo year      2006 with divider at entry bottles dryer <br>\n 5. SACMI Opera bottles dryer linear machine <br>\n \n 6. Labelling machine KRONES Contiroll year 2006 for polypropylene label  <br>\n \n7.\tMechanical conveyors exit labeller with accumulation and conveying  \n system with divider for the entry bottles in OCME shrink packer  <br>\n  \n8.\tShrink packer OCME Vega N70\/2 1\/163\/03 double lane year 2003 for      packs of 3 x 2 bottles in neutral or printed oriented film  <br>\n \n9.\tConveyors interconnecting and accumulation for the packs exit        OCME machine to entry handle setting Twinpack.  \n 10. Handle setting machine double lane Twinpack year 2004  <br>\n \n11.\tPacks conveying system exit Twinpack with elevator ACMI towards        the packs conveying system in level +1.    <br>\n \n12.\tComplete packs conveying system in level +1 with curve and divider        for the packs at entry palletizer. <br>\n \n13.\tPalettizer ACMI faster year 2003 for palettizing of the packs with       handles and transfer to the pallet wrapper by conveyors. \n <br>\n14.\tAutomatic pallet wrapper TOSA year 2003 with accumulation on        pallets conveyors at exit line.<\/p>\n<p>&nbsp;<\/p>\n<p>&nbsp;<\/p>","protected":false},"featured_media":1163,"template":"","meta":{"_monsterinsights_skip_tracking":false,"_monsterinsights_sitenote_active":false,"_monsterinsights_sitenote_note":"","_monsterinsights_sitenote_category":0,"site-sidebar-layout":"default","site-content-layout":"default","ast-main-header-display":"","ast-hfb-above-header-display":"","ast-hfb-below-header-display":"","ast-hfb-mobile-header-display":"","site-post-title":"","ast-breadcrumbs-content":"","ast-featured-img":"","footer-sml-layout":"","theme-transparent-header-meta":"","adv-header-id-meta":"","stick-header-meta":"","header-above-stick-meta":"","header-main-stick-meta":"","header-below-stick-meta":""},"product_cat":[18],"product_tag":[],"_links":{"self":[{"href":"https:\/\/simermakina.com\/en\/wp-json\/wp\/v2\/product\/1147"}],"collection":[{"href":"https:\/\/simermakina.com\/en\/wp-json\/wp\/v2\/product"}],"about":[{"href":"https:\/\/simermakina.com\/en\/wp-json\/wp\/v2\/types\/product"}],"wp:featuredmedia":[{"embeddable":true,"href":"https:\/\/simermakina.com\/en\/wp-json\/wp\/v2\/media\/1163"}],"wp:attachment":[{"href":"https:\/\/simermakina.com\/en\/wp-json\/wp\/v2\/media?parent=1147"}],"wp:term":[{"taxonomy":"product_cat","embeddable":true,"href":"https:\/\/simermakina.com\/en\/wp-json\/wp\/v2\/product_cat?post=1147"},{"taxonomy":"product_tag","embeddable":true,"href":"https:\/\/simermakina.com\/en\/wp-json\/wp\/v2\/product_tag?post=1147"}],"curies":[{"name":"wp","href":"https:\/\/api.w.org\/{rel}","templated":true}]}}