{"id":1175,"date":"2022-01-15T12:47:17","date_gmt":"2022-01-15T12:47:17","guid":{"rendered":"https:\/\/simermakina.com\/?post_type=product&#038;p=1175"},"modified":"2022-01-31T09:47:41","modified_gmt":"2022-01-31T09:47:41","slug":"sidel-sbo-14-sisirme-makinasi","status":"publish","type":"product","link":"https:\/\/simermakina.com\/en\/sidel-sbo-14-sisirme-makinasi\/","title":{"rendered":"SIDEL SBO 14 Blowing Machine 28.000 bph (2006)"},"content":{"rendered":"","protected":false},"excerpt":{"rendered":"<p><span style=\"text-decoration: underline;\"><strong>SIDEL Sisirme Makinasi<\/strong><\/span><\/p>\n<p><strong>Capacity:<\/strong> 22.000 sise\/saat @ 2.0L PET \u015fi\u015feler<br \/>\n<strong>Imal Yili<\/strong>: 2006<br \/>\n<strong>Maks Kapasitesi:<\/strong> 28.000 sise\/saat<br \/>\n<strong>\u00c7al\u0131\u015fma saati:<\/strong> 22.000 saat.<br \/>\n<strong>Agiz:<\/strong> PCO 1810<br \/>\n<strong>Maks. \u015fi\u015fe boyutu:<\/strong> 2.0L (PUPM kal\u0131p tutucular)<\/p>\n<p>Makinenin ba\u011flant\u0131s\u0131 Mart 2019&#8217;da kesildi ve o zamandan beri kullan\u0131lmad\u0131. Hala kurulu.<\/p>\n<p>\u0130\u00e7eriginde:<br \/>\n* Preform t\u00fcp s\u00fcr\u00fcc\u00fc<br \/>\n* Preform t\u00fcp depo ve elevat\u00f6r\u00fc<br \/>\n* Preform t\u00fcp y\u00f6nlendirici ve giri\u015f ray\u0131<br \/>\n* Yedek par\u00e7a kiti ( istek halinde)<br \/>\n* 2,0 lt PET \u015fi\u015fe format tak\u0131m\u0131<\/p>\n<p>Makine hemen teslime haz\u0131rd\u0131r.<\/p>","protected":false},"featured_media":1187,"template":"","meta":{"_monsterinsights_skip_tracking":false,"_monsterinsights_sitenote_active":false,"_monsterinsights_sitenote_note":"","_monsterinsights_sitenote_category":0,"site-sidebar-layout":"default","site-content-layout":"default","ast-main-header-display":"","ast-hfb-above-header-display":"","ast-hfb-below-header-display":"","ast-hfb-mobile-header-display":"","site-post-title":"","ast-breadcrumbs-content":"","ast-featured-img":"","footer-sml-layout":"","theme-transparent-header-meta":"","adv-header-id-meta":"","stick-header-meta":"","header-above-stick-meta":"","header-main-stick-meta":"","header-below-stick-meta":""},"product_cat":[64],"product_tag":[],"_links":{"self":[{"href":"https:\/\/simermakina.com\/en\/wp-json\/wp\/v2\/product\/1175"}],"collection":[{"href":"https:\/\/simermakina.com\/en\/wp-json\/wp\/v2\/product"}],"about":[{"href":"https:\/\/simermakina.com\/en\/wp-json\/wp\/v2\/types\/product"}],"wp:featuredmedia":[{"embeddable":true,"href":"https:\/\/simermakina.com\/en\/wp-json\/wp\/v2\/media\/1187"}],"wp:attachment":[{"href":"https:\/\/simermakina.com\/en\/wp-json\/wp\/v2\/media?parent=1175"}],"wp:term":[{"taxonomy":"product_cat","embeddable":true,"href":"https:\/\/simermakina.com\/en\/wp-json\/wp\/v2\/product_cat?post=1175"},{"taxonomy":"product_tag","embeddable":true,"href":"https:\/\/simermakina.com\/en\/wp-json\/wp\/v2\/product_tag?post=1175"}],"curies":[{"name":"wp","href":"https:\/\/api.w.org\/{rel}","templated":true}]}}