{"id":1557,"date":"2023-06-18T10:24:43","date_gmt":"2023-06-18T10:24:43","guid":{"rendered":"https:\/\/simermakina.com\/?post_type=product&#038;p=1557"},"modified":"2023-06-18T10:26:36","modified_gmt":"2023-06-18T10:26:36","slug":"krones-pet-dolum-hatti-gazsiz-su-36-000-sise-saat-x-1-5l-2010","status":"publish","type":"product","link":"https:\/\/simermakina.com\/en\/krones-pet-dolum-hatti-gazsiz-su-36-000-sise-saat-x-1-5l-2010\/","title":{"rendered":"KRONES PET DOLUM HATTI (GAZSIZ SU) 36.000 sise\/saat x 1.5L (2010)"},"content":{"rendered":"","protected":false},"excerpt":{"rendered":"<p>KRONES PET DOLUM HATTI<\/p>\n<p>Marka: KRONES<br \/>\nYil: 2010<br \/>\nKapasite: 36.000 sise\/saat x 1.5L<br \/>\nUrun: Gazsiz Su<br \/>\nCalisma Saati: 49.000<\/p>\n<p>Makina Listesi<\/p>\n<p>&nbsp;<\/p>\n<p>\u2022 M.TANNER preform besleme \u00fcnitesi<br \/>\nKutu \u00e7evirici (ayn\u0131 anda 2 kutu)<br \/>\nhazne<br \/>\nAsans\u00f6r<br \/>\nElektrostatik preform temizlemeli oluk KRONES CONTIFEED tipi<br \/>\n\u2022 GASSNER kapak besleme \u00fcnitesi<br \/>\nhazne<br \/>\nAsans\u00f6r<br \/>\nKapak kontrol \u00fcnitesi + ejekt\u00f6r<br \/>\n\u2022 KRONES PET COMBI sisirme-doldurma<br \/>\n20 kafali PET sisirme CONTIFORM S20 \u2013 36.000 sise\/saat<br \/>\nKal\u0131plar i\u00e7in KKT-KRAUS so\u011futma grubu ile (so\u011futucu ak\u0131\u015fkan: R407C)<br \/>\nWhite room 84 (26 m2), laminer ak\u0131\u015f s\u0131n\u0131f\u0131 7 (ISO 14644-1) ile filtrelerle (F7 ve H14 s\u0131n\u0131f\u0131):<br \/>\n&#8211; 84 kafali dolum valfli VOLUMETIC VODM-PET dolgu modeli \u2013 Hatve: 94 mm<br \/>\n&#8211; ALASKA kapaklar i\u00e7in 18 kafali (UV i\u015flemli) kapak<\/p>\n<p>\u2022 KRONES Dolu \u015fi\u015fe kontrol CHECKMAT FM-HF<br \/>\nKapak ve seviye kontrolleri + ejekt\u00f6r<\/p>\n<p>\u2022 KRONES Dolu sise konvey\u00f6rler SYNCO, s\u0131ral\u0131 GUIDELINER + Ya\u011flama \u00fcnitesi dahil<\/p>\n<p>\u2022 KRONES \u015fi\u015fe kurutucular\u0131 LINADRY \u2013 2 adet<\/p>\n<p>\u2022 2019&#8217;dan itibaren rulo halinde OPP etiketleri i\u00e7in 24 \u015fi\u015fe tutuculu Z-ITALIA (Della Toffola) etiketleyici<br \/>\nGe\u00e7erli film : 25 \u03bcm mikron<\/p>\n<p>\u2022 DOMINO lazer kodlama \u00fcnitesi tip 320 I NIMAX<\/p>\n<p>\u2022 KRONES etiket kontrol CHECKMAT E + ejekt\u00f6r<\/p>\n<p>\u2022 KRONES stre\u00e7 film VARIOPAC PRO tip FS60<br \/>\n\u00c7ift \u015ferit \u2013 3 x 2 \u2013 2 x dakikada 60 paket = dakikada 120 paket<br \/>\nGe\u00e7erli film : 40 \u03bcm mikron<\/p>\n<p>\u2022 KRONES paket konvey\u00f6rleri MULTICO<\/p>\n<p>\u2022 COMAG bottle handler modeli H80\/2<\/p>\n<p>\u2022 KRONES paletleyici ile :<br \/>\n&#8211; Paket haz\u0131rlama robotu tipi ROBOBOX<br \/>\n&#8211; Paletleyici tipi MODULPAL 2AC<br \/>\nMevcut palet : EURO 800 x 1200 mm<\/p>\n<p>\u2022 ATLANTA palet sarma OMEGA<\/p>\n<p>\u2022 elektrik dolaplar\u0131 ve kablolar<\/p>","protected":false},"featured_media":1562,"template":"","meta":{"_monsterinsights_skip_tracking":false,"_monsterinsights_sitenote_active":false,"_monsterinsights_sitenote_note":"","_monsterinsights_sitenote_category":0,"site-sidebar-layout":"default","site-content-layout":"default","ast-main-header-display":"","ast-hfb-above-header-display":"","ast-hfb-below-header-display":"","ast-hfb-mobile-header-display":"","site-post-title":"","ast-breadcrumbs-content":"","ast-featured-img":"","footer-sml-layout":"","theme-transparent-header-meta":"","adv-header-id-meta":"","stick-header-meta":"","header-above-stick-meta":"","header-main-stick-meta":"","header-below-stick-meta":""},"product_cat":[18],"product_tag":[],"_links":{"self":[{"href":"https:\/\/simermakina.com\/en\/wp-json\/wp\/v2\/product\/1557"}],"collection":[{"href":"https:\/\/simermakina.com\/en\/wp-json\/wp\/v2\/product"}],"about":[{"href":"https:\/\/simermakina.com\/en\/wp-json\/wp\/v2\/types\/product"}],"wp:featuredmedia":[{"embeddable":true,"href":"https:\/\/simermakina.com\/en\/wp-json\/wp\/v2\/media\/1562"}],"wp:attachment":[{"href":"https:\/\/simermakina.com\/en\/wp-json\/wp\/v2\/media?parent=1557"}],"wp:term":[{"taxonomy":"product_cat","embeddable":true,"href":"https:\/\/simermakina.com\/en\/wp-json\/wp\/v2\/product_cat?post=1557"},{"taxonomy":"product_tag","embeddable":true,"href":"https:\/\/simermakina.com\/en\/wp-json\/wp\/v2\/product_tag?post=1557"}],"curies":[{"name":"wp","href":"https:\/\/api.w.org\/{rel}","templated":true}]}}