{"id":1574,"date":"2023-12-17T14:37:44","date_gmt":"2023-12-17T14:37:44","guid":{"rendered":"https:\/\/simermakina.com\/?post_type=product&#038;p=1574"},"modified":"2023-12-17T14:38:21","modified_gmt":"2023-12-17T14:38:21","slug":"khs-kutu-dolum-hatti-40-000-cph","status":"publish","type":"product","link":"https:\/\/simermakina.com\/en\/khs-kutu-dolum-hatti-40-000-cph\/","title":{"rendered":"KHS KUTU DOLUM HATTI 40.000 cph"},"content":{"rendered":"","protected":false},"excerpt":{"rendered":"<p>SATILIK KUTU DOLUM HATTI 40.000 cph<\/p>\n<p>\u0130ND\u0130R\u0130ML\u0130 F\u0130YAT!<\/p>\n<p>Format: 330 Sleek<\/p>\n<p>Kapak: 202<\/p>\n<p>Kapasite: 40.000 kutu \/ saat<\/p>\n<p>Filler: KHS, 1990\/2014 Complete Renovation Like new<\/p>\n<p>Seamer: Ferrum, 2007<\/p>\n<p>Lid Feeder: CSW,2008<\/p>\n<p>Mixer: Famix, 2008<\/p>\n<p>Empty Can Inspector: Pressco, 2006<\/p>\n<p>Shrink Wrapper: Kisters, 1982<\/p>\n<p>Full Can Inspector: Miho, 2003<\/p>\n<p>Depalletizer: Kettner,1983<\/p>\n<p>Palletizer: Procomac, 1983<\/p>\n<p>&nbsp;<\/p>","protected":false},"featured_media":1575,"template":"","meta":{"_monsterinsights_skip_tracking":false,"_monsterinsights_sitenote_active":false,"_monsterinsights_sitenote_note":"","_monsterinsights_sitenote_category":0,"site-sidebar-layout":"default","site-content-layout":"default","ast-main-header-display":"","ast-hfb-above-header-display":"","ast-hfb-below-header-display":"","ast-hfb-mobile-header-display":"","site-post-title":"","ast-breadcrumbs-content":"","ast-featured-img":"","footer-sml-layout":"","theme-transparent-header-meta":"","adv-header-id-meta":"","stick-header-meta":"","header-above-stick-meta":"","header-main-stick-meta":"","header-below-stick-meta":""},"product_cat":[18],"product_tag":[],"_links":{"self":[{"href":"https:\/\/simermakina.com\/en\/wp-json\/wp\/v2\/product\/1574"}],"collection":[{"href":"https:\/\/simermakina.com\/en\/wp-json\/wp\/v2\/product"}],"about":[{"href":"https:\/\/simermakina.com\/en\/wp-json\/wp\/v2\/types\/product"}],"wp:featuredmedia":[{"embeddable":true,"href":"https:\/\/simermakina.com\/en\/wp-json\/wp\/v2\/media\/1575"}],"wp:attachment":[{"href":"https:\/\/simermakina.com\/en\/wp-json\/wp\/v2\/media?parent=1574"}],"wp:term":[{"taxonomy":"product_cat","embeddable":true,"href":"https:\/\/simermakina.com\/en\/wp-json\/wp\/v2\/product_cat?post=1574"},{"taxonomy":"product_tag","embeddable":true,"href":"https:\/\/simermakina.com\/en\/wp-json\/wp\/v2\/product_tag?post=1574"}],"curies":[{"name":"wp","href":"https:\/\/api.w.org\/{rel}","templated":true}]}}