{"id":1587,"date":"2025-02-21T11:32:19","date_gmt":"2025-02-21T11:32:19","guid":{"rendered":"https:\/\/simermakina.com\/?post_type=product&#038;p=1587"},"modified":"2025-02-21T11:32:20","modified_gmt":"2025-02-21T11:32:20","slug":"30-0000-sise-saat-su-dolum-hatti","status":"publish","type":"product","link":"https:\/\/simermakina.com\/en\/30-0000-sise-saat-su-dolum-hatti\/","title":{"rendered":"30.0000 \u015ei\u015fe \/ Saat Su Dolum Hatt\u0131"},"content":{"rendered":"","protected":false},"excerpt":{"rendered":"<p>1.5L Dolum Hatt\u0131 30.000 kapasite<\/p>\n<p>2002 Sidel SBO 20<br \/>\n2013 Dolum: Ganglof 29\/25(Rinser yok)<br \/>\n2001 HEUFT INSPECTOR<br \/>\n2011 CIP<br \/>\n2013 KRONES INSPECTOR<br \/>\n2006 KRONES ETIKET<br \/>\n2013 OCME SHRINKWRAPPER<br \/>\n2012 TWINPAC TUTAMA\u00c7 APL\u0130KAT\u00d6R\u00dc<br \/>\n2014 OCME 4 ROBOTLU PALETLEME<br \/>\n2011 SHRINK ETIKETI<br \/>\n2014 ATHENA PALET SARMA<\/p>","protected":false},"featured_media":1594,"template":"","meta":{"_monsterinsights_skip_tracking":false,"_monsterinsights_sitenote_active":false,"_monsterinsights_sitenote_note":"","_monsterinsights_sitenote_category":0,"site-sidebar-layout":"default","site-content-layout":"default","ast-main-header-display":"","ast-hfb-above-header-display":"","ast-hfb-below-header-display":"","ast-hfb-mobile-header-display":"","site-post-title":"","ast-breadcrumbs-content":"","ast-featured-img":"","footer-sml-layout":"","theme-transparent-header-meta":"","adv-header-id-meta":"","stick-header-meta":"","header-above-stick-meta":"","header-main-stick-meta":"","header-below-stick-meta":""},"product_cat":[18],"product_tag":[],"_links":{"self":[{"href":"https:\/\/simermakina.com\/en\/wp-json\/wp\/v2\/product\/1587"}],"collection":[{"href":"https:\/\/simermakina.com\/en\/wp-json\/wp\/v2\/product"}],"about":[{"href":"https:\/\/simermakina.com\/en\/wp-json\/wp\/v2\/types\/product"}],"wp:featuredmedia":[{"embeddable":true,"href":"https:\/\/simermakina.com\/en\/wp-json\/wp\/v2\/media\/1594"}],"wp:attachment":[{"href":"https:\/\/simermakina.com\/en\/wp-json\/wp\/v2\/media?parent=1587"}],"wp:term":[{"taxonomy":"product_cat","embeddable":true,"href":"https:\/\/simermakina.com\/en\/wp-json\/wp\/v2\/product_cat?post=1587"},{"taxonomy":"product_tag","embeddable":true,"href":"https:\/\/simermakina.com\/en\/wp-json\/wp\/v2\/product_tag?post=1587"}],"curies":[{"name":"wp","href":"https:\/\/api.w.org\/{rel}","templated":true}]}}