{"id":998,"date":"2022-01-11T22:21:39","date_gmt":"2022-01-11T22:21:39","guid":{"rendered":"https:\/\/simermakina.com\/?post_type=product&#038;p=998"},"modified":"2022-02-20T14:02:57","modified_gmt":"2022-02-20T14:02:57","slug":"26000-komple-pet-hatti","status":"publish","type":"product","link":"https:\/\/simermakina.com\/en\/26000-komple-pet-hatti\/","title":{"rendered":"Complete PET Line for Water, CSD, Soda (26.000 bph , 0.5L) 2002-2010"},"content":{"rendered":"<p><strong><span style=\"color: #000000;\">Apprx Drawing<\/span><\/strong><\/p>\n\n<style>\n\t#hotspot-1035 .hotspots-image-container,\n\t#hotspot-1035 .leaflet-container {\n\t\tbackground: #efefef\t}\n\n\t#hotspot-1035 .hotspots-placeholder,\n\t.featherlight .featherlight-content.lightbox-1035 {\n\t\tbackground: #4a2607;\n\t\tborder: 0 #4a2607 solid;\n\t\tcolor: #f0e6bd;\n\t}\n\n\t#hotspot-1035 .hotspot-title,\n\t#hotspot-1035 .bc-product__title a,\n\t.featherlight .featherlight-content.lightbox-1035 .hotspot-title,\n\t.featherlight .featherlight-content.lightbox-1035 .bc-product__title a {\n\t\tcolor: #9cbd8e;\n\t}\n\n\t\t\t#hotspot-1035 .hotspot-style-1 {\n\t\t\tstroke-width: 3;\n\t\t\tfill: #ffffff;\n\t\t\tfill-opacity: 0;\n\t\t\tstroke: #ffffff;\n\t\t\tstroke-opacity: 0;\n\t\t}\n\t\t#hotspot-1035 .hotspot-style-1:hover,\n\t\t#hotspot-1035 .hotspot-style-1:focus,\n\t\t#hotspot-1035 .hotspot-style-1.hotspot-active {\n\t\t\tfill: #ffffff;\n\t\t\tfill-opacity: 0.81;\n\t\t\toutline: none;\n\t\t\tstroke: #ffffff;\n\t\t\tstroke-opacity: 0.81;\n\t\t}\n\t\t\t#hotspot-1035 .hotspot-default {\n\t\t\tstroke-width: 3;\n\t\t\tfill: #ffffff;\n\t\t\tfill-opacity: 0;\n\t\t\tstroke: #ffffff;\n\t\t\tstroke-opacity: 0;\n\t\t}\n\t\t#hotspot-1035 .hotspot-default:hover,\n\t\t#hotspot-1035 .hotspot-default:focus,\n\t\t#hotspot-1035 .hotspot-default.hotspot-active {\n\t\t\tfill: #9cbd8e;\n\t\t\tfill-opacity: 0.81;\n\t\t\toutline: none;\n\t\t\tstroke: #3b240c;\n\t\t\tstroke-opacity: 0.81;\n\t\t}\n\t\t#hotspot-1035 .leaflet-tooltip,\n\t#hotspot-1035 .leaflet-rrose-content-wrapper {\n\t\tbackground: #4a2607;\n\t\tborder-color: #4a2607;\n\t\tcolor: #f0e6bd;\n\t}\n\n\t#hotspot-1035 a.leaflet-rrose-close-button {\n\t\tcolor: #9cbd8e;\n\t}\n\n\t#hotspot-1035 .leaflet-rrose-tip {\n\t\tbackground: #4a2607;\n\t}\n\n\t#hotspot-1035 .leaflet-popup-scrolled {\n\t\tborder-bottom-color: #f0e6bd;\n\t\tborder-top-color: #f0e6bd;\n\t}\n\n\t#hotspot-1035 .leaflet-tooltip-top:before {\n\t\tborder-top-color: #4a2607;\n\t}\n\n\t#hotspot-1035 .leaflet-tooltip-bottom:before {\n\t\tborder-bottom-color: #4a2607;\n\t}\n\t#hotspot-1035 .leaflet-tooltip-left:before {\n\t\tborder-left-color: #4a2607;\n\t}\n\t#hotspot-1035 .leaflet-tooltip-right:before {\n\t\tborder-right-color: #4a2607;\n\t}\n<\/style>\n\n\n\t<div class=\"hotspots-container  layout-left event-click\" id=\"hotspot-1035\" data-layout=\"left\" data-trigger=\"click\">\n\t\t<div class=\"hotspots-interaction\">\n\t\t\t\t<div class=\"hotspots-placeholder\" id=\"content-hotspot-1035\">\n\t\t<div class=\"hotspot-initial\">\n\t\t\t\t\t\t\t\t\t<h2 class=\"hotspot-title\">\n\t\t\t\t26.000 BPH Krones Complete Line Drawing\t\t\t<\/h2>\n\t\t\t\t\t\t<div class=\"hotspot-content\">\n\t\t\t\t\t\t\t<\/div>\n\t\t<\/div>\n\t<\/div>\n<div class=\"hotspots-image-container\">\n\t<img\n\t\twidth=\"2560\"\n\t\theight=\"1388\"\n\t\tsrc=\"https:\/\/simermakina.com\/wp-content\/uploads\/2022\/01\/Kron-Filler3-1-scaled.jpg\"\n\t\talt=\"26.000 Sise \/ Saat Krones Cizim\"\n\t\tclass=\"hotspots-image skip-lazy\"\n\t\tusemap=\"#hotspots-image-1035\"\n\t\tdata-image-title=\"26.000 Sise \/ Saat Krones Cizim\"\n\t\tdata-image-description=\"\"\n\t\tdata-event-trigger=\"click\"\n\t\tdata-always-visible=\"false\"\n\t\tdata-id=\"1035\"\n\t\tdata-no-lazy=\"1\"\n\t\tdata-lazy-src=\"\"\n\t\tdata-lazy=\"false\"\n\t\tloading=\"eager\"\n\t\tdata-skip-lazy=\"1\"\n\t\t>\n<\/div>\t\t<\/div>\n\t\t<map name=\"hotspots-image-1035\" class=\"hotspots-map\">\n\t\t\t\t\t\t\t\t\t\t\t<area\n\t\t\t\t\tshape=\"poly\"\n\t\t\t\t\tcoords=\"1089,666,771,549,770,343,559,264,561,92,694,8,1022,126,1072,90,1247,171,1241,101,1318,52,1435,103,1439,260,1407,278,1411,295,1409,468\"\n\t\t\t\t\thref=\"#hotspot-hotspot-1035-0\"\n\t\t\t\t\trel=\"\"\n\t\t\t\t\ttitle=\"PET \u015ei\u015firme - KRONES Contiform S 20\"\n\t\t\t\t\talt=\"PET \u015ei\u015firme - KRONES Contiform S 20\"\n\t\t\t\t\tdata-action=\"\"\n\t\t\t\t\tdata-color-scheme=\"\"\n\t\t\t\t\tdata-id=\"area-hotspot-1035-0\"\n\t\t\t\t\ttarget=\"\"\n\t\t\t\t\tclass=\"more-info-area\"\n\t\t\t\t\t>\n\t\t\t\t\t\t\t\t\t\t\t<area\n\t\t\t\t\tshape=\"poly\"\n\t\t\t\t\tcoords=\"1174,531,1180,521,1225,545,1278,563,1275,579\"\n\t\t\t\t\thref=\"#hotspot-hotspot-1035-1\"\n\t\t\t\t\trel=\"\"\n\t\t\t\t\ttitle=\"KRONES Air Conveyors\"\n\t\t\t\t\talt=\"KRONES Air Conveyors\"\n\t\t\t\t\tdata-action=\"\"\n\t\t\t\t\tdata-color-scheme=\"\"\n\t\t\t\t\tdata-id=\"area-hotspot-1035-1\"\n\t\t\t\t\ttarget=\"\"\n\t\t\t\t\tclass=\"more-info-area\"\n\t\t\t\t\t>\n\t\t\t\t\t\t\t\t\t\t\t<area\n\t\t\t\t\tshape=\"poly\"\n\t\t\t\t\tcoords=\"1783,995,1783,873,1948,774,2106,836,2112,948,1932,1056\"\n\t\t\t\t\thref=\"#hotspot-hotspot-1035-2\"\n\t\t\t\t\trel=\"\"\n\t\t\t\t\ttitle=\"Labeling Machine\"\n\t\t\t\t\talt=\"Etiketleme Makinasi\"\n\t\t\t\t\tdata-action=\"\"\n\t\t\t\t\tdata-color-scheme=\"\"\n\t\t\t\t\tdata-id=\"area-hotspot-1035-2\"\n\t\t\t\t\ttarget=\"\"\n\t\t\t\t\tclass=\"more-info-area\"\n\t\t\t\t\t>\n\t\t\t\t\t\t\t\t\t\t\t<area\n\t\t\t\t\tshape=\"poly\"\n\t\t\t\t\tcoords=\"1887,735,1965,679,1975,667,1970,553,1980,537,1997,534,1997,510,2010,502,2165,577,2170,587,2191,599,2196,615,2199,687,2303,732,2151,833\"\n\t\t\t\t\thref=\"#hotspot-hotspot-1035-3\"\n\t\t\t\t\trel=\"\"\n\t\t\t\t\ttitle=\"Mixer\"\n\t\t\t\t\talt=\"Mikser\"\n\t\t\t\t\tdata-action=\"\"\n\t\t\t\t\tdata-color-scheme=\"\"\n\t\t\t\t\tdata-id=\"area-hotspot-1035-3\"\n\t\t\t\t\ttarget=\"\"\n\t\t\t\t\tclass=\"more-info-area\"\n\t\t\t\t\t>\n\t\t\t\t\t\t\t\t\t\t\t<area\n\t\t\t\t\tshape=\"poly\"\n\t\t\t\t\tcoords=\"1282,717,1573,824,1594,810,1610,816,1618,818,1650,802,1829,685,1823,518,1517,408,1284,557\"\n\t\t\t\t\thref=\"#hotspot-hotspot-1035-4\"\n\t\t\t\t\trel=\"\"\n\t\t\t\t\ttitle=\"Filling &amp; Capping Machine\"\n\t\t\t\t\talt=\"Dolum &amp; Kapama Makinasi\"\n\t\t\t\t\tdata-action=\"\"\n\t\t\t\t\tdata-color-scheme=\"\"\n\t\t\t\t\tdata-id=\"area-hotspot-1035-4\"\n\t\t\t\t\ttarget=\"\"\n\t\t\t\t\tclass=\"more-info-area\"\n\t\t\t\t\t>\n\t\t\t\t\t\t\t\t\t\t\t<area\n\t\t\t\t\tshape=\"poly\"\n\t\t\t\t\tcoords=\"1557,840,1576,825,1596,814,1634,830,1640,845,1653,859,1663,859,1661,875,1644,893,1640,920,1623,928,1580,915,1573,883,1556,872,1546,869\"\n\t\t\t\t\thref=\"#hotspot-hotspot-1035-5\"\n\t\t\t\t\trel=\"\"\n\t\t\t\t\ttitle=\"Inspection - Detector  - Laser Coding etc\"\n\t\t\t\t\talt=\"Inspeksiyon - Detektor - Lazer Tarih Kodlama vs\"\n\t\t\t\t\tdata-action=\"\"\n\t\t\t\t\tdata-color-scheme=\"\"\n\t\t\t\t\tdata-id=\"area-hotspot-1035-5\"\n\t\t\t\t\ttarget=\"\"\n\t\t\t\t\tclass=\"more-info-area\"\n\t\t\t\t\t>\n\t\t\t\t\t\t\t\t\t\t\t<area\n\t\t\t\t\tshape=\"poly\"\n\t\t\t\t\tcoords=\"1240,744,719,547,661,534,615,534,567,547,520,585,532,627,640,668,840,737,853,708,792,684,680,644,584,612,572,584,608,561,672,568,850,633,1012,689,1196,758\"\n\t\t\t\t\thref=\"#hotspot-hotspot-1035-6\"\n\t\t\t\t\trel=\"\"\n\t\t\t\t\ttitle=\"TRANSPAC Full Bottle Conveyors\"\n\t\t\t\t\talt=\"TRANSPAC Dolu Sise Konveyorleri\"\n\t\t\t\t\tdata-action=\"\"\n\t\t\t\t\tdata-color-scheme=\"\"\n\t\t\t\t\tdata-id=\"area-hotspot-1035-6\"\n\t\t\t\t\ttarget=\"\"\n\t\t\t\t\tclass=\"more-info-area\"\n\t\t\t\t\t>\n\t\t\t\t\t\t\t\t\t\t\t<area\n\t\t\t\t\tshape=\"poly\"\n\t\t\t\t\tcoords=\"850,753,852,715,884,694,1192,814,1197,854,1160,886,1037,847,850,777\"\n\t\t\t\t\thref=\"#hotspot-hotspot-1035-7\"\n\t\t\t\t\trel=\"\"\n\t\t\t\t\ttitle=\"Shrink Packer\"\n\t\t\t\t\talt=\"Shrinkleme Makinasi\"\n\t\t\t\t\tdata-action=\"\"\n\t\t\t\t\tdata-color-scheme=\"\"\n\t\t\t\t\tdata-id=\"area-hotspot-1035-7\"\n\t\t\t\t\ttarget=\"\"\n\t\t\t\t\tclass=\"more-info-area\"\n\t\t\t\t\t>\n\t\t\t\t\t\t\t\t\t\t\t<area\n\t\t\t\t\tshape=\"poly\"\n\t\t\t\t\tcoords=\"1287,913,1327,884,1621,1012,1632,1036,1597,1078,1360,1194,1316,1217,1269,1225,1213,1220,1154,1194,1184,1166,1229,1188,1271,1194,1311,1182,1360,1159,1423,1124,1476,1097,1535,1066,1560,1054,1573,1038,1568,1022\"\n\t\t\t\t\thref=\"#hotspot-hotspot-1035-8\"\n\t\t\t\t\trel=\"\"\n\t\t\t\t\ttitle=\"TRANSPAC Packaged Product Conveyor\"\n\t\t\t\t\talt=\"TRANSPAC Paketlenmes Urun Konveyoru\"\n\t\t\t\t\tdata-action=\"\"\n\t\t\t\t\tdata-color-scheme=\"\"\n\t\t\t\t\tdata-id=\"area-hotspot-1035-8\"\n\t\t\t\t\ttarget=\"\"\n\t\t\t\t\tclass=\"more-info-area\"\n\t\t\t\t\t>\n\t\t\t\t\t\t\t\t\t\t\t<area\n\t\t\t\t\tshape=\"poly\"\n\t\t\t\t\tcoords=\"618,922,652,909,660,879,730,836,989,973,989,1076,936,1103,916,1122,874,1108,797,1079,741,1101,669,1084,700,1060,663,1057,660,973,624,967\"\n\t\t\t\t\thref=\"#hotspot-hotspot-1035-9\"\n\t\t\t\t\trel=\"\"\n\t\t\t\t\ttitle=\"Palletizer\"\n\t\t\t\t\talt=\"Paletleme Makinasi\"\n\t\t\t\t\tdata-action=\"\"\n\t\t\t\t\tdata-color-scheme=\"\"\n\t\t\t\t\tdata-id=\"area-hotspot-1035-9\"\n\t\t\t\t\ttarget=\"\"\n\t\t\t\t\tclass=\"more-info-area\"\n\t\t\t\t\t>\n\t\t\t\t\t\t\t\t\t\t\t<area\n\t\t\t\t\tshape=\"poly\"\n\t\t\t\t\tcoords=\"556,1109,423,1058,429,935,512,888,549,908,572,885,562,837,624,799,677,823,674,856,631,893,648,906,615,924,597,916,554,938,549,1004,586,1072\"\n\t\t\t\t\thref=\"#hotspot-hotspot-1035-10\"\n\t\t\t\t\trel=\"\"\n\t\t\t\t\ttitle=\"APOLLO Upwords &amp; Downwords Spiral Conveyor\"\n\t\t\t\t\talt=\"APOLLO Upwords &amp; Downwords Spiral Konveyor\"\n\t\t\t\t\tdata-action=\"\"\n\t\t\t\t\tdata-color-scheme=\"\"\n\t\t\t\t\tdata-id=\"area-hotspot-1035-10\"\n\t\t\t\t\ttarget=\"\"\n\t\t\t\t\tclass=\"more-info-area\"\n\t\t\t\t\t>\n\t\t\t\t\t\t\t\t\t\t\t<area\n\t\t\t\t\tshape=\"poly\"\n\t\t\t\t\tcoords=\"628,1115,672,1079,848,1157,831,1200\"\n\t\t\t\t\thref=\"#hotspot-hotspot-1035-11\"\n\t\t\t\t\trel=\"\"\n\t\t\t\t\ttitle=\"ROBOPACK Pallet Conveyor type HELIX HS 40\"\n\t\t\t\t\talt=\"ROBOPACK Palet Konveyoru type HELIX HS 40\"\n\t\t\t\t\tdata-action=\"\"\n\t\t\t\t\tdata-color-scheme=\"\"\n\t\t\t\t\tdata-id=\"area-hotspot-1035-11\"\n\t\t\t\t\ttarget=\"\"\n\t\t\t\t\tclass=\"more-info-area\"\n\t\t\t\t\t>\n\t\t\t\t\t\t\t\t\t\t\t<area\n\t\t\t\t\tshape=\"poly\"\n\t\t\t\t\tcoords=\"797,1187,832,1203,829,1245,1013,1334,1047,1307,1112,1330,1157,1306,1130,1243,1136,1166,956,1082\"\n\t\t\t\t\thref=\"#hotspot-hotspot-1035-12\"\n\t\t\t\t\trel=\"\"\n\t\t\t\t\ttitle=\"Pallet Wrapper and Label &amp; Date Coder\"\n\t\t\t\t\talt=\"Palet Strecleme ve Etiketleme ve Tarih Kodlama\"\n\t\t\t\t\tdata-action=\"\"\n\t\t\t\t\tdata-color-scheme=\"\"\n\t\t\t\t\tdata-id=\"area-hotspot-1035-12\"\n\t\t\t\t\ttarget=\"\"\n\t\t\t\t\tclass=\"more-info-area\"\n\t\t\t\t\t>\n\t\t\t\t\t<\/map>\n\n\t\t\n\t\t\t\t\t\n\t\t\t\t\t\t<div class=\"hotspot-info\" id=\"hotspot-hotspot-1035-0\">\n\t\t\t\t\n\t\t\t\t<h2 class=\"hotspot-title\">PET \u015ei\u015firme - KRONES Contiform S 20<\/h2>\t\t\t\t\t\t\t\t\t<div class=\"hotspot-thumb\">\n\t\t\t\t\t\t<img width=\"300\" height=\"225\" src=\"https:\/\/simermakina.com\/wp-content\/uploads\/2022\/01\/B-blow-moulder-a-300x225.jpg\" class=\"attachment-medium size-medium\" alt=\"Simer Makina Komple \u015ei\u015feleme Hatt\u0131\" loading=\"lazy\" srcset=\"https:\/\/simermakina.com\/wp-content\/uploads\/2022\/01\/B-blow-moulder-a-300x225.jpg 300w, https:\/\/simermakina.com\/wp-content\/uploads\/2022\/01\/B-blow-moulder-a-600x450.jpg 600w, https:\/\/simermakina.com\/wp-content\/uploads\/2022\/01\/B-blow-moulder-a-1024x768.jpg 1024w, https:\/\/simermakina.com\/wp-content\/uploads\/2022\/01\/B-blow-moulder-a-768x576.jpg 768w, https:\/\/simermakina.com\/wp-content\/uploads\/2022\/01\/B-blow-moulder-a-16x12.jpg 16w, https:\/\/simermakina.com\/wp-content\/uploads\/2022\/01\/B-blow-moulder-a.jpg 1280w\" sizes=\"(max-width: 300px) 100vw, 300px\" title=\"\">\t\t\t\t\t<\/div>\n\t\t\t\t\t\t\t\t<div class=\"hotspot-content\">\n\t\t\t\t\t<p><span style=\"color: #5a5a5a;font-family: Raleway, sans-serif;font-size: 16px;font-style: normal;font-weight: 400\">KRONES Contiform S 20 Blowing Machine<\/span><\/p>\n\t\t\t\t<\/div>\n\t\t\t<\/div>\n\t\t\t\t\t\n\t\t\t\t\t\t<div class=\"hotspot-info\" id=\"hotspot-hotspot-1035-1\">\n\t\t\t\t\n\t\t\t\t<h2 class=\"hotspot-title\">KRONES Air Conveyors<\/h2>\t\t\t\t\t\t\t\t\t<div class=\"hotspot-thumb\">\n\t\t\t\t\t\t<img width=\"300\" height=\"225\" src=\"https:\/\/simermakina.com\/wp-content\/uploads\/2022\/01\/IMG_0696-300x225.jpeg\" class=\"attachment-medium size-medium\" alt=\"\" loading=\"lazy\" srcset=\"https:\/\/simermakina.com\/wp-content\/uploads\/2022\/01\/IMG_0696-300x225.jpeg 300w, https:\/\/simermakina.com\/wp-content\/uploads\/2022\/01\/IMG_0696-600x450.jpeg 600w, https:\/\/simermakina.com\/wp-content\/uploads\/2022\/01\/IMG_0696-1024x768.jpeg 1024w, https:\/\/simermakina.com\/wp-content\/uploads\/2022\/01\/IMG_0696-768x576.jpeg 768w, https:\/\/simermakina.com\/wp-content\/uploads\/2022\/01\/IMG_0696-16x12.jpeg 16w, https:\/\/simermakina.com\/wp-content\/uploads\/2022\/01\/IMG_0696.jpeg 1280w\" sizes=\"(max-width: 300px) 100vw, 300px\" title=\"\">\t\t\t\t\t<\/div>\n\t\t\t\t\t\t\t\t<div class=\"hotspot-content\">\n\t\t\t\t\t\t\t\t\t<\/div>\n\t\t\t<\/div>\n\t\t\t\t\t\n\t\t\t\t\t\t<div class=\"hotspot-info\" id=\"hotspot-hotspot-1035-2\">\n\t\t\t\t\n\t\t\t\t<h2 class=\"hotspot-title\">Labeling Machine<\/h2>\t\t\t\t\t\t\t\t\t<div class=\"hotspot-thumb\">\n\t\t\t\t\t\t<img width=\"225\" height=\"300\" src=\"https:\/\/simermakina.com\/wp-content\/uploads\/2022\/01\/C-Labeler-225x300.jpg\" class=\"attachment-medium size-medium\" alt=\"\" loading=\"lazy\" srcset=\"https:\/\/simermakina.com\/wp-content\/uploads\/2022\/01\/C-Labeler-225x300.jpg 225w, https:\/\/simermakina.com\/wp-content\/uploads\/2022\/01\/C-Labeler-600x800.jpg 600w, https:\/\/simermakina.com\/wp-content\/uploads\/2022\/01\/C-Labeler-768x1024.jpg 768w, https:\/\/simermakina.com\/wp-content\/uploads\/2022\/01\/C-Labeler-9x12.jpg 9w, https:\/\/simermakina.com\/wp-content\/uploads\/2022\/01\/C-Labeler.jpg 960w\" sizes=\"(max-width: 225px) 100vw, 225px\" title=\"\">\t\t\t\t\t<\/div>\n\t\t\t\t\t\t\t\t<div class=\"hotspot-content\">\n\t\t\t\t\t<p>SACMI Labeler OPERA 200 RF 18 (720-18-1) hot glue<\/p>\n\t\t\t\t<\/div>\n\t\t\t<\/div>\n\t\t\t\t\t\n\t\t\t\t\t\t<div class=\"hotspot-info\" id=\"hotspot-hotspot-1035-3\">\n\t\t\t\t\n\t\t\t\t<h2 class=\"hotspot-title\">Mixer<\/h2>\t\t\t\t\t\t\t\t\t<div class=\"hotspot-thumb\">\n\t\t\t\t\t\t<img width=\"225\" height=\"300\" src=\"https:\/\/simermakina.com\/wp-content\/uploads\/2022\/01\/D-Mixer-b-225x300.jpeg\" class=\"attachment-medium size-medium\" alt=\"\" loading=\"lazy\" srcset=\"https:\/\/simermakina.com\/wp-content\/uploads\/2022\/01\/D-Mixer-b-225x300.jpeg 225w, https:\/\/simermakina.com\/wp-content\/uploads\/2022\/01\/D-Mixer-b-600x800.jpeg 600w, https:\/\/simermakina.com\/wp-content\/uploads\/2022\/01\/D-Mixer-b-768x1024.jpeg 768w, https:\/\/simermakina.com\/wp-content\/uploads\/2022\/01\/D-Mixer-b-9x12.jpeg 9w, https:\/\/simermakina.com\/wp-content\/uploads\/2022\/01\/D-Mixer-b.jpeg 960w\" sizes=\"(max-width: 225px) 100vw, 225px\" title=\"\">\t\t\t\t\t<\/div>\n\t\t\t\t\t\t\t\t<div class=\"hotspot-content\">\n\t\t\t\t\t<p>SACMI mixer type KRISTALL MIX KM 300-3CV<\/p>\n\t\t\t\t<\/div>\n\t\t\t<\/div>\n\t\t\t\t\t\n\t\t\t\t\t\t<div class=\"hotspot-info\" id=\"hotspot-hotspot-1035-4\">\n\t\t\t\t\n\t\t\t\t<h2 class=\"hotspot-title\">Filling &amp; Capping Machine<\/h2>\t\t\t\t\t\t\t\t\t<div class=\"hotspot-thumb\">\n\t\t\t\t\t\t<img width=\"300\" height=\"225\" src=\"https:\/\/simermakina.com\/wp-content\/uploads\/2022\/01\/C-Filling-block-d-300x225.jpeg\" class=\"attachment-medium size-medium\" alt=\"\" loading=\"lazy\" srcset=\"https:\/\/simermakina.com\/wp-content\/uploads\/2022\/01\/C-Filling-block-d-300x225.jpeg 300w, https:\/\/simermakina.com\/wp-content\/uploads\/2022\/01\/C-Filling-block-d-600x450.jpeg 600w, https:\/\/simermakina.com\/wp-content\/uploads\/2022\/01\/C-Filling-block-d-1024x768.jpeg 1024w, https:\/\/simermakina.com\/wp-content\/uploads\/2022\/01\/C-Filling-block-d-768x576.jpeg 768w, https:\/\/simermakina.com\/wp-content\/uploads\/2022\/01\/C-Filling-block-d-16x12.jpeg 16w, https:\/\/simermakina.com\/wp-content\/uploads\/2022\/01\/C-Filling-block-d.jpeg 1280w\" sizes=\"(max-width: 300px) 100vw, 300px\" title=\"\">\t\t\t\t\t<\/div>\n\t\t\t\t\t\t\t\t<div class=\"hotspot-content\">\n\t\t\t\t\t<p>SACMI block<\/p>\n<p>Filling Integrale Vega N.H.18-54-117-11 (pitch : 125mm)<\/p>\n<p>Zalkin Capper 14 head type SV-14-560-126<\/p>\n\t\t\t\t<\/div>\n\t\t\t<\/div>\n\t\t\t\t\t\n\t\t\t\t\t\t<div class=\"hotspot-info\" id=\"hotspot-hotspot-1035-5\">\n\t\t\t\t\n\t\t\t\t<h2 class=\"hotspot-title\">Inspection - Detector  - Laser Coding etc<\/h2>\t\t\t\t\t\t\t\t<div class=\"hotspot-content\">\n\t\t\t\t\t<p>FILTEC Inspection (type SPECTROVISION 900). Fill level and label<\/p>\n<p>ELMED metal detection type ARGUS-5\/MSG1000<\/p>\n<p>FILTEC laser dater type LaseTec-II<\/p>\n<p>VIDEOJET pack dating device type VJ-1610<\/p>\n\t\t\t\t<\/div>\n\t\t\t<\/div>\n\t\t\t\t\t\n\t\t\t\t\t\t<div class=\"hotspot-info\" id=\"hotspot-hotspot-1035-6\">\n\t\t\t\t\n\t\t\t\t<h2 class=\"hotspot-title\">TRANSPAC Full Bottle Conveyors<\/h2>\t\t\t\t\t\t\t\t\t<div class=\"hotspot-thumb\">\n\t\t\t\t\t\t<img width=\"300\" height=\"225\" src=\"https:\/\/simermakina.com\/wp-content\/uploads\/2022\/01\/E-Bottle-conveyors-300x225.jpg\" class=\"attachment-medium size-medium\" alt=\"\" loading=\"lazy\" srcset=\"https:\/\/simermakina.com\/wp-content\/uploads\/2022\/01\/E-Bottle-conveyors-300x225.jpg 300w, https:\/\/simermakina.com\/wp-content\/uploads\/2022\/01\/E-Bottle-conveyors-600x450.jpg 600w, https:\/\/simermakina.com\/wp-content\/uploads\/2022\/01\/E-Bottle-conveyors-1024x768.jpg 1024w, https:\/\/simermakina.com\/wp-content\/uploads\/2022\/01\/E-Bottle-conveyors-768x576.jpg 768w, https:\/\/simermakina.com\/wp-content\/uploads\/2022\/01\/E-Bottle-conveyors-16x12.jpg 16w, https:\/\/simermakina.com\/wp-content\/uploads\/2022\/01\/E-Bottle-conveyors.jpg 1280w\" sizes=\"(max-width: 300px) 100vw, 300px\" title=\"\">\t\t\t\t\t<\/div>\n\t\t\t\t\t\t\t\t<div class=\"hotspot-content\">\n\t\t\t\t\t\t\t\t\t<\/div>\n\t\t\t<\/div>\n\t\t\t\t\t\n\t\t\t\t\t\t<div class=\"hotspot-info\" id=\"hotspot-hotspot-1035-7\">\n\t\t\t\t\n\t\t\t\t<h2 class=\"hotspot-title\">Shrink Packer<\/h2>\t\t\t\t\t\t\t\t\t<div class=\"hotspot-thumb\">\n\t\t\t\t\t\t<img width=\"300\" height=\"225\" src=\"https:\/\/simermakina.com\/wp-content\/uploads\/2022\/01\/E-Shrinkwrapper-b-300x225.jpeg\" class=\"attachment-medium size-medium\" alt=\"\" loading=\"lazy\" srcset=\"https:\/\/simermakina.com\/wp-content\/uploads\/2022\/01\/E-Shrinkwrapper-b-300x225.jpeg 300w, https:\/\/simermakina.com\/wp-content\/uploads\/2022\/01\/E-Shrinkwrapper-b-600x450.jpeg 600w, https:\/\/simermakina.com\/wp-content\/uploads\/2022\/01\/E-Shrinkwrapper-b-1024x768.jpeg 1024w, https:\/\/simermakina.com\/wp-content\/uploads\/2022\/01\/E-Shrinkwrapper-b-768x576.jpeg 768w, https:\/\/simermakina.com\/wp-content\/uploads\/2022\/01\/E-Shrinkwrapper-b-16x12.jpeg 16w, https:\/\/simermakina.com\/wp-content\/uploads\/2022\/01\/E-Shrinkwrapper-b.jpeg 1280w\" sizes=\"(max-width: 300px) 100vw, 300px\" title=\"\">\t\t\t\t\t<\/div>\n\t\t\t\t\t\t\t\t<div class=\"hotspot-content\">\n\t\t\t\t\t<p>KHS Shrinkwrapper type INNOPACK SP-060-V (2x3 bottles). Printed Film<\/p>\n\t\t\t\t<\/div>\n\t\t\t<\/div>\n\t\t\t\t\t\n\t\t\t\t\t\t<div class=\"hotspot-info\" id=\"hotspot-hotspot-1035-8\">\n\t\t\t\t\n\t\t\t\t<h2 class=\"hotspot-title\">TRANSPAC Packaged Product Conveyor<\/h2>\t\t\t\t\t\t\t\t<div class=\"hotspot-content\">\n\t\t\t\t\t\t\t\t\t<\/div>\n\t\t\t<\/div>\n\t\t\t\t\t\n\t\t\t\t\t\t<div class=\"hotspot-info\" id=\"hotspot-hotspot-1035-9\">\n\t\t\t\t\n\t\t\t\t<h2 class=\"hotspot-title\">Palletizer<\/h2>\t\t\t\t\t\t\t\t\t<div class=\"hotspot-thumb\">\n\t\t\t\t\t\t<img width=\"300\" height=\"225\" src=\"https:\/\/simermakina.com\/wp-content\/uploads\/2022\/01\/G-Palletiser-a-300x225.jpg\" class=\"attachment-medium size-medium\" alt=\"\" loading=\"lazy\" srcset=\"https:\/\/simermakina.com\/wp-content\/uploads\/2022\/01\/G-Palletiser-a-300x225.jpg 300w, https:\/\/simermakina.com\/wp-content\/uploads\/2022\/01\/G-Palletiser-a-600x450.jpg 600w, https:\/\/simermakina.com\/wp-content\/uploads\/2022\/01\/G-Palletiser-a-1024x768.jpg 1024w, https:\/\/simermakina.com\/wp-content\/uploads\/2022\/01\/G-Palletiser-a-768x576.jpg 768w, https:\/\/simermakina.com\/wp-content\/uploads\/2022\/01\/G-Palletiser-a-16x12.jpg 16w, https:\/\/simermakina.com\/wp-content\/uploads\/2022\/01\/G-Palletiser-a.jpg 1280w\" sizes=\"(max-width: 300px) 100vw, 300px\" title=\"\">\t\t\t\t\t<\/div>\n\t\t\t\t\t\t\t\t<div class=\"hotspot-content\">\n\t\t\t\t\t<p>KHS Palletizer type INNOPAL PB-1N2<\/p>\n\t\t\t\t<\/div>\n\t\t\t<\/div>\n\t\t\t\t\t\n\t\t\t\t\t\t<div class=\"hotspot-info\" id=\"hotspot-hotspot-1035-10\">\n\t\t\t\t\n\t\t\t\t<h2 class=\"hotspot-title\">APOLLO Upwords &amp; Downwords Spiral Conveyor<\/h2>\t\t\t\t\t\t\t\t\t<div class=\"hotspot-thumb\">\n\t\t\t\t\t\t<img width=\"225\" height=\"300\" src=\"https:\/\/simermakina.com\/wp-content\/uploads\/2022\/01\/F-Apollo-spiral-conveyors-225x300.jpeg\" class=\"attachment-medium size-medium\" alt=\"\" loading=\"lazy\" srcset=\"https:\/\/simermakina.com\/wp-content\/uploads\/2022\/01\/F-Apollo-spiral-conveyors-225x300.jpeg 225w, https:\/\/simermakina.com\/wp-content\/uploads\/2022\/01\/F-Apollo-spiral-conveyors-600x800.jpeg 600w, https:\/\/simermakina.com\/wp-content\/uploads\/2022\/01\/F-Apollo-spiral-conveyors-768x1024.jpeg 768w, https:\/\/simermakina.com\/wp-content\/uploads\/2022\/01\/F-Apollo-spiral-conveyors-9x12.jpeg 9w, https:\/\/simermakina.com\/wp-content\/uploads\/2022\/01\/F-Apollo-spiral-conveyors.jpeg 960w\" sizes=\"(max-width: 225px) 100vw, 225px\" title=\"\">\t\t\t\t\t<\/div>\n\t\t\t\t\t\t\t\t<div class=\"hotspot-content\">\n\t\t\t\t\t\t\t\t\t<\/div>\n\t\t\t<\/div>\n\t\t\t\t\t\n\t\t\t\t\t\t<div class=\"hotspot-info\" id=\"hotspot-hotspot-1035-11\">\n\t\t\t\t\n\t\t\t\t<h2 class=\"hotspot-title\">ROBOPACK Pallet Conveyor type HELIX HS 40<\/h2>\t\t\t\t\t\t\t\t<div class=\"hotspot-content\">\n\t\t\t\t\t\t\t\t\t<\/div>\n\t\t\t<\/div>\n\t\t\t\t\t\n\t\t\t\t\t\t<div class=\"hotspot-info\" id=\"hotspot-hotspot-1035-12\">\n\t\t\t\t\n\t\t\t\t<h2 class=\"hotspot-title\">Pallet Wrapper and Label &amp; Date Coder<\/h2>\t\t\t\t\t\t\t\t<div class=\"hotspot-content\">\n\t\t\t\t\t<p>KHS Pallet Stretcher<\/p>\n<p>LOGOPAK Pallet Labeller type 920-II-PFRK<\/p>\n<p>VIDEOJET package coding machine type VJ-1610<\/p>\n\t\t\t\t<\/div>\n\t\t\t<\/div>\n\t\t\t<\/div>\n\n\n<p>&nbsp;<\/p>","protected":false},"excerpt":{"rendered":"<p><strong>Capacity:<\/strong> 26.000 bph<br \/>\n<strong>Product<\/strong> Water, CSD, Soda<br \/>\n<strong>YOM<\/strong>: 2002-2010<\/p>\n<p class=\" translation-block\">Preform loading system from MUCHI<br>\nKRONES Contiform S 20 blow moulder<br>\nKRONES air conveyors<br>\nSACMI mixer type KRISTALL MIX KM 300-3CV<br>\nSACMI block<br>\n\nLabeler OPERA 200 RF 18 (720-18-1) hot glue<br>\nFiller Integrale Vega N.H.18-54-117-11 (pitch : 125mm)<br>\nZALKIN capper 14 heads type SV-14-560-126<br>\n\nTRANSPAC full bottle conveyors<br>\nFILTEC Inspection (type SPECTROVISION 900).<br> Fill level and label\nELMED metal detection type ARGUS-5\/MSG1000<br>\nFILTEC laser dater type LaseTec-II<br>\nKHS Shrinkwrapper type INNOPACK SP-060-V (2x3 bottles). Printed film<br>\nAPOLLO upwards spiral conveyor<br>\nTRANSPACK pack conveyors<br>\nVIDEOJET pack dating device type VJ-1610<br>\nAPOLLO downwards spiral conveyor<br>\nKHS palletiser type INNOPAL PB-1N2<br>\nROBOPACK pallet conveyors type HELIX HS 40<br>\nKHS pallet stretcher<br>\nLOGOPAK pallet labeller type 920-II-PFRK<br>\nSiemens automation<br>\nNeck finish: 1881<br>\n\nMachines from 2002-2010<br>\nMany spare parts available<br><\/p>\n<p>Complete PET Line<\/p>\n<p>2002 : Mikser, Doldurma, Etiketleme<br \/>\n2006 : Paletleme<br \/>\n2007 : Sisirme, shrink-wrapper, Konveyorler<br \/>\n2009 : ink jet, palet etiketleme<br \/>\n2010 : kapatma<\/p>","protected":false},"featured_media":1040,"template":"","meta":{"_monsterinsights_skip_tracking":false,"_monsterinsights_sitenote_active":false,"_monsterinsights_sitenote_note":"","_monsterinsights_sitenote_category":0,"site-sidebar-layout":"default","site-content-layout":"default","ast-main-header-display":"","ast-hfb-above-header-display":"","ast-hfb-below-header-display":"","ast-hfb-mobile-header-display":"","site-post-title":"","ast-breadcrumbs-content":"","ast-featured-img":"","footer-sml-layout":"","theme-transparent-header-meta":"","adv-header-id-meta":"","stick-header-meta":"","header-above-stick-meta":"","header-main-stick-meta":"","header-below-stick-meta":""},"product_cat":[18],"product_tag":[52,40,48,39,50,53,57,25,59,26,33,42,55,43,30,49,41,23,21,31,22,46,36,34,44,29,27,47,54,32,60,24,38,45,28,35,58,37,56,51],"_links":{"self":[{"href":"https:\/\/simermakina.com\/en\/wp-json\/wp\/v2\/product\/998"}],"collection":[{"href":"https:\/\/simermakina.com\/en\/wp-json\/wp\/v2\/product"}],"about":[{"href":"https:\/\/simermakina.com\/en\/wp-json\/wp\/v2\/types\/product"}],"wp:featuredmedia":[{"embeddable":true,"href":"https:\/\/simermakina.com\/en\/wp-json\/wp\/v2\/media\/1040"}],"wp:attachment":[{"href":"https:\/\/simermakina.com\/en\/wp-json\/wp\/v2\/media?parent=998"}],"wp:term":[{"taxonomy":"product_cat","embeddable":true,"href":"https:\/\/simermakina.com\/en\/wp-json\/wp\/v2\/product_cat?post=998"},{"taxonomy":"product_tag","embeddable":true,"href":"https:\/\/simermakina.com\/en\/wp-json\/wp\/v2\/product_tag?post=998"}],"curies":[{"name":"wp","href":"https:\/\/api.w.org\/{rel}","templated":true}]}}